{"id":469,"date":"2022-09-09T20:41:28","date_gmt":"2022-09-09T20:41:28","guid":{"rendered":"https:\/\/genesisalmonte.com\/?post_type=product&#038;p=469"},"modified":"2022-09-09T22:26:04","modified_gmt":"2022-09-09T22:26:04","slug":"landing-page","status":"publish","type":"product","link":"https:\/\/genesisalmonte.com\/?product=landing-page","title":{"rendered":"Landing Page"},"content":{"rendered":"","protected":false},"excerpt":{"rendered":"<p>Landing Page | \u00bfQu\u00e9 incluye?<\/p>\n<p>1 p\u00e1gina | M\u00e1ximo 8 secciones | Optimizaci\u00f3n SEO<\/p>\n<p>Tiempo de entrega: 72 horas<\/p>\n<p>No incluye hosting ni dominio<\/p>\n","protected":false},"featured_media":477,"comment_status":"open","ping_status":"closed","template":"","meta":{"om_disable_all_campaigns":false,"_mi_skip_tracking":false},"product_cat":[26],"product_tag":[],"aioseo_notices":[],"_links":{"self":[{"href":"https:\/\/genesisalmonte.com\/index.php?rest_route=\/wp\/v2\/product\/469"}],"collection":[{"href":"https:\/\/genesisalmonte.com\/index.php?rest_route=\/wp\/v2\/product"}],"about":[{"href":"https:\/\/genesisalmonte.com\/index.php?rest_route=\/wp\/v2\/types\/product"}],"replies":[{"embeddable":true,"href":"https:\/\/genesisalmonte.com\/index.php?rest_route=%2Fwp%2Fv2%2Fcomments&post=469"}],"wp:featuredmedia":[{"embeddable":true,"href":"https:\/\/genesisalmonte.com\/index.php?rest_route=\/wp\/v2\/media\/477"}],"wp:attachment":[{"href":"https:\/\/genesisalmonte.com\/index.php?rest_route=%2Fwp%2Fv2%2Fmedia&parent=469"}],"wp:term":[{"taxonomy":"product_cat","embeddable":true,"href":"https:\/\/genesisalmonte.com\/index.php?rest_route=%2Fwp%2Fv2%2Fproduct_cat&post=469"},{"taxonomy":"product_tag","embeddable":true,"href":"https:\/\/genesisalmonte.com\/index.php?rest_route=%2Fwp%2Fv2%2Fproduct_tag&post=469"}],"curies":[{"name":"wp","href":"https:\/\/api.w.org\/{rel}","templated":true}]}}